{"id":211,"date":"2025-04-12T09:08:27","date_gmt":"2025-04-12T07:08:27","guid":{"rendered":"https:\/\/drone-media-concept.com\/?page_id=211"},"modified":"2025-04-20T07:52:42","modified_gmt":"2025-04-20T05:52:42","slug":"nos-services","status":"publish","type":"page","link":"https:\/\/drone-media-concept.com\/?page_id=211","title":{"rendered":"Nos services"},"content":{"rendered":"\t\t<div data-elementor-type=\"wp-page\" data-elementor-id=\"211\" class=\"elementor elementor-211\" data-elementor-post-type=\"page\">\n\t\t\t\t<div class=\"elementor-element elementor-element-087f4cb e-con-full e-flex e-con e-parent\" data-id=\"087f4cb\" data-element_type=\"container\" data-e-type=\"container\">\n\t\t\t\t<div class=\"elementor-element elementor-element-1b86bc0 elementor-widget__width-inherit elementor-widget elementor-widget-image\" data-id=\"1b86bc0\" data-element_type=\"widget\" data-e-type=\"widget\" data-widget_type=\"image.default\">\n\t\t\t\t<div class=\"elementor-widget-container\">\n\t\t\t\t\t\t\t\t\t\t\t\t\t\t\t<img fetchpriority=\"high\" decoding=\"async\" width=\"1838\" height=\"1080\" src=\"https:\/\/drone-media-concept.com\/wp-content\/uploads\/2025\/04\/insta-pro-finie-7-36.jpg\" class=\"attachment-full size-full wp-image-218\" alt=\"\" srcset=\"https:\/\/drone-media-concept.com\/wp-content\/uploads\/2025\/04\/insta-pro-finie-7-36.jpg 1838w, https:\/\/drone-media-concept.com\/wp-content\/uploads\/2025\/04\/insta-pro-finie-7-36-300x176.jpg 300w, https:\/\/drone-media-concept.com\/wp-content\/uploads\/2025\/04\/insta-pro-finie-7-36-1024x602.jpg 1024w, https:\/\/drone-media-concept.com\/wp-content\/uploads\/2025\/04\/insta-pro-finie-7-36-768x451.jpg 768w, https:\/\/drone-media-concept.com\/wp-content\/uploads\/2025\/04\/insta-pro-finie-7-36-1536x903.jpg 1536w\" sizes=\"(max-width: 1838px) 100vw, 1838px\" \/>\t\t\t\t\t\t\t\t\t\t\t\t\t\t\t<\/div>\n\t\t\t\t<\/div>\n\t\t\t\t<div class=\"elementor-element elementor-element-a4f2836 elementor-widget elementor-widget-heading\" data-id=\"a4f2836\" data-element_type=\"widget\" data-e-type=\"widget\" data-widget_type=\"heading.default\">\n\t\t\t\t<div class=\"elementor-widget-container\">\n\t\t\t\t\t<h2 class=\"elementor-heading-title elementor-size-default\">Nos services<\/h2>\t\t\t\t<\/div>\n\t\t\t\t<\/div>\n\t\t\t\t<div class=\"elementor-element elementor-element-c181f53 elementor-widget elementor-widget-heading\" data-id=\"c181f53\" data-element_type=\"widget\" data-e-type=\"widget\" data-widget_type=\"heading.default\">\n\t\t\t\t<div class=\"elementor-widget-container\">\n\t\t\t\t\t<h3 class=\"elementor-heading-title elementor-size-default\">Des solutions a\u00e9riennes sur mesure pour chaque besoin<\/h3>\t\t\t\t<\/div>\n\t\t\t\t<\/div>\n\t\t\t\t<div class=\"elementor-element elementor-element-6a21d6f elementor-widget-divider--view-line elementor-widget elementor-widget-divider\" data-id=\"6a21d6f\" data-element_type=\"widget\" data-e-type=\"widget\" data-widget_type=\"divider.default\">\n\t\t\t\t<div class=\"elementor-widget-container\">\n\t\t\t\t\t\t\t<div class=\"elementor-divider\">\n\t\t\t<span class=\"elementor-divider-separator\">\n\t\t\t\t\t\t<\/span>\n\t\t<\/div>\n\t\t\t\t\t\t<\/div>\n\t\t\t\t<\/div>\n\t\t\t\t<div class=\"elementor-element elementor-element-b18e0de elementor-widget elementor-widget-spacer\" data-id=\"b18e0de\" data-element_type=\"widget\" data-e-type=\"widget\" data-widget_type=\"spacer.default\">\n\t\t\t\t<div class=\"elementor-widget-container\">\n\t\t\t\t\t\t\t<div class=\"elementor-spacer\">\n\t\t\t<div class=\"elementor-spacer-inner\"><\/div>\n\t\t<\/div>\n\t\t\t\t\t\t<\/div>\n\t\t\t\t<\/div>\n\t\t\t\t<div class=\"elementor-element elementor-element-57f840e elementor-widget elementor-widget-heading\" data-id=\"57f840e\" data-element_type=\"widget\" data-e-type=\"widget\" data-widget_type=\"heading.default\">\n\t\t\t\t<div class=\"elementor-widget-container\">\n\t\t\t\t\t<h2 class=\"elementor-heading-title elementor-size-default\">Vid\u00e9os et photos d'entreprises - Corporate - Particuliers<\/h2>\t\t\t\t<\/div>\n\t\t\t\t<\/div>\n\t\t<div class=\"elementor-element elementor-element-e3627bc e-grid e-con-boxed e-con e-child\" data-id=\"e3627bc\" data-element_type=\"container\" data-e-type=\"container\">\n\t\t\t\t\t<div class=\"e-con-inner\">\n\t\t\t\t<div class=\"elementor-element elementor-element-054dd3c elementor-widget elementor-widget-image\" data-id=\"054dd3c\" data-element_type=\"widget\" data-e-type=\"widget\" data-widget_type=\"image.default\">\n\t\t\t\t<div class=\"elementor-widget-container\">\n\t\t\t\t\t\t\t\t\t\t\t\t\t\t\t<img decoding=\"async\" src=\"https:\/\/drone-media-concept.com\/wp-content\/uploads\/elementor\/thumbs\/photow-insta-perso-20-scaled-r48jooq3qwonbjbf4a2oh1qgozhzyayigpu8zo6yko.jpg\" title=\"photow insta perso-20\" alt=\"photow insta perso-20\" loading=\"lazy\" \/>\t\t\t\t\t\t\t\t\t\t\t\t\t\t\t<\/div>\n\t\t\t\t<\/div>\n\t\t\t\t<div class=\"elementor-element elementor-element-2d285ba elementor-widget elementor-widget-text-editor\" data-id=\"2d285ba\" data-element_type=\"widget\" data-e-type=\"widget\" data-widget_type=\"text-editor.default\">\n\t\t\t\t<div class=\"elementor-widget-container\">\n\t\t\t\t\t\t\t\t\t<p><span class=\"relative -mx-px my-[-0.2rem] rounded px-px py-[0.2rem] transition-colors duration-100 ease-in-out\">Nous r\u00e9alisons des contenus visuels de haute qualit\u00e9 pour valoriser l&rsquo;image de votre entreprise, immortaliser vos \u00e9v\u00e9nements ou sublimer vos propri\u00e9t\u00e9s.<\/span><\/p><p>\u00a0<\/p>\t\t\t\t\t\t\t\t<\/div>\n\t\t\t\t<\/div>\n\t\t\t\t\t<\/div>\n\t\t\t\t<\/div>\n\t\t\t\t<div class=\"elementor-element elementor-element-8dfd037 elementor-widget elementor-widget-spacer\" data-id=\"8dfd037\" data-element_type=\"widget\" data-e-type=\"widget\" data-widget_type=\"spacer.default\">\n\t\t\t\t<div class=\"elementor-widget-container\">\n\t\t\t\t\t\t\t<div class=\"elementor-spacer\">\n\t\t\t<div class=\"elementor-spacer-inner\"><\/div>\n\t\t<\/div>\n\t\t\t\t\t\t<\/div>\n\t\t\t\t<\/div>\n\t\t\t\t<div class=\"elementor-element elementor-element-32cc594 elementor-widget elementor-widget-heading\" data-id=\"32cc594\" data-element_type=\"widget\" data-e-type=\"widget\" data-widget_type=\"heading.default\">\n\t\t\t\t<div class=\"elementor-widget-container\">\n\t\t\t\t\t<h2 class=\"elementor-heading-title elementor-size-default\">Inspections techniques - Suivis de chantiers - Photogramm\u00e9trie - Lidar<\/h2>\t\t\t\t<\/div>\n\t\t\t\t<\/div>\n\t\t\t\t<\/div>\n\t\t<div class=\"elementor-element elementor-element-859b5af e-flex e-con-boxed e-con e-parent\" data-id=\"859b5af\" data-element_type=\"container\" data-e-type=\"container\">\n\t\t\t\t\t<div class=\"e-con-inner\">\n\t\t<div class=\"elementor-element elementor-element-2d2f5d5 e-grid e-con-full e-con e-child\" data-id=\"2d2f5d5\" data-element_type=\"container\" data-e-type=\"container\">\n\t\t\t\t<div class=\"elementor-element elementor-element-d3cdde0 elementor-widget elementor-widget-image\" data-id=\"d3cdde0\" data-element_type=\"widget\" data-e-type=\"widget\" data-widget_type=\"image.default\">\n\t\t\t\t<div class=\"elementor-widget-container\">\n\t\t\t\t\t\t\t\t\t\t\t\t\t\t\t<img decoding=\"async\" src=\"https:\/\/drone-media-concept.com\/wp-content\/uploads\/elementor\/thumbs\/incendie-annecie-photogrammetrie-r48khifxc057d1g2sqmsxrvcidf805e6fe2at5gbrc.jpg\" title=\"incendie annecie photogrammetrie\" alt=\"incendie annecie photogrammetrie\" loading=\"lazy\" \/>\t\t\t\t\t\t\t\t\t\t\t\t\t\t\t<\/div>\n\t\t\t\t<\/div>\n\t\t\t\t<div class=\"elementor-element elementor-element-8823f10 elementor-widget elementor-widget-text-editor\" data-id=\"8823f10\" data-element_type=\"widget\" data-e-type=\"widget\" data-widget_type=\"text-editor.default\">\n\t\t\t\t<div class=\"elementor-widget-container\">\n\t\t\t\t\t\t\t\t\t<p>Gr\u00e2ce \u00e0 des technologies avanc\u00e9es ( Photogrammetrie,syst\u00e8mes RTK,Lidar ) nous fournissons des donn\u00e9es pr\u00e9cises pour l&rsquo;analyse, la mod\u00e9lisation 3D et le suivi de vos projets.<br \/>Le tout permet des relev\u00e9s rapides dans des lieux accident\u00e9s sans risques pour les techniciens<\/p>\t\t\t\t\t\t\t\t<\/div>\n\t\t\t\t<\/div>\n\t\t\t\t<\/div>\n\t\t\t\t\t<\/div>\n\t\t\t\t<\/div>\n\t\t<div class=\"elementor-element elementor-element-dc453a9 e-flex e-con-boxed e-con e-parent\" data-id=\"dc453a9\" data-element_type=\"container\" data-e-type=\"container\">\n\t\t\t\t\t<div class=\"e-con-inner\">\n\t\t\t\t<div class=\"elementor-element elementor-element-0561aff elementor-widget elementor-widget-spacer\" data-id=\"0561aff\" data-element_type=\"widget\" data-e-type=\"widget\" data-widget_type=\"spacer.default\">\n\t\t\t\t<div class=\"elementor-widget-container\">\n\t\t\t\t\t\t\t<div class=\"elementor-spacer\">\n\t\t\t<div class=\"elementor-spacer-inner\"><\/div>\n\t\t<\/div>\n\t\t\t\t\t\t<\/div>\n\t\t\t\t<\/div>\n\t\t\t\t<div class=\"elementor-element elementor-element-84f7e09 elementor-widget elementor-widget-heading\" data-id=\"84f7e09\" data-element_type=\"widget\" data-e-type=\"widget\" data-widget_type=\"heading.default\">\n\t\t\t\t<div class=\"elementor-widget-container\">\n\t\t\t\t\t<h2 class=\"elementor-heading-title elementor-size-default\">Surveillance - S\u00e9curit\u00e9 - Incendies - Accidents<\/h2>\t\t\t\t<\/div>\n\t\t\t\t<\/div>\n\t\t<div class=\"elementor-element elementor-element-510ed2e e-grid e-con-full e-con e-child\" data-id=\"510ed2e\" data-element_type=\"container\" data-e-type=\"container\">\n\t\t\t\t<div class=\"elementor-element elementor-element-09df0e5 elementor-widget elementor-widget-image\" data-id=\"09df0e5\" data-element_type=\"widget\" data-e-type=\"widget\" data-widget_type=\"image.default\">\n\t\t\t\t<div class=\"elementor-widget-container\">\n\t\t\t\t\t\t\t\t\t\t\t\t\t\t\t<img decoding=\"async\" src=\"https:\/\/drone-media-concept.com\/wp-content\/uploads\/elementor\/thumbs\/Incendie-Annecy-31.10.2024-20-scaled-r46xxq6pxcqurx4ds4z465zlq4fceamtmto28soqko.jpg\" title=\"Incendie Annecy 31.10.2024-20\" alt=\"Incendie Annecy 31.10.2024-20\" loading=\"lazy\" \/>\t\t\t\t\t\t\t\t\t\t\t\t\t\t\t<\/div>\n\t\t\t\t<\/div>\n\t\t\t\t<div class=\"elementor-element elementor-element-c0cc250 elementor-widget elementor-widget-text-editor\" data-id=\"c0cc250\" data-element_type=\"widget\" data-e-type=\"widget\" data-widget_type=\"text-editor.default\">\n\t\t\t\t<div class=\"elementor-widget-container\">\n\t\t\t\t\t\t\t\t\t<p>Nos \u00e9quipes et nos drones interviennent rapidement pour assister les services de s\u00e9curit\u00e9, surveiller des zones sensibles ou documenter des incidents.<br \/>Nos d\u00e9rogations pr\u00e9fectorales nous permettent une intervention d\u2019extr\u00eame urgence afin d&rsquo;apporter le soutien n\u00e9cessaire aux \u00e9quipes de secours en place.<br \/>Assistance visuelle, mais aussi thermique lors de disparitions inqui\u00e9tantes, le drone et la dext\u00e9rit\u00e9 de nos pilote s&rsquo;av\u00e8re \u00eatre des atouts majeurs<\/p>\t\t\t\t\t\t\t\t<\/div>\n\t\t\t\t<\/div>\n\t\t\t\t<\/div>\n\t\t\t\t<div class=\"elementor-element elementor-element-e9eef4f elementor-widget elementor-widget-spacer\" data-id=\"e9eef4f\" data-element_type=\"widget\" data-e-type=\"widget\" data-widget_type=\"spacer.default\">\n\t\t\t\t<div class=\"elementor-widget-container\">\n\t\t\t\t\t\t\t<div class=\"elementor-spacer\">\n\t\t\t<div class=\"elementor-spacer-inner\"><\/div>\n\t\t<\/div>\n\t\t\t\t\t\t<\/div>\n\t\t\t\t<\/div>\n\t\t\t\t\t<\/div>\n\t\t\t\t<\/div>\n\t\t<div class=\"elementor-element elementor-element-a747a10 e-con-full e-flex e-con e-parent\" data-id=\"a747a10\" data-element_type=\"container\" data-e-type=\"container\">\n\t\t<div class=\"elementor-element elementor-element-ef657ca e-con-full e-flex e-con e-child\" data-id=\"ef657ca\" data-element_type=\"container\" data-e-type=\"container\">\n\t\t<div class=\"elementor-element elementor-element-9831213 e-con-full e-flex e-con e-child\" data-id=\"9831213\" data-element_type=\"container\" data-e-type=\"container\">\n\t\t\t\t<div class=\"elementor-element elementor-element-94884eb elementor-widget elementor-widget-heading\" data-id=\"94884eb\" data-element_type=\"widget\" data-e-type=\"widget\" data-widget_type=\"heading.default\">\n\t\t\t\t<div class=\"elementor-widget-container\">\n\t\t\t\t\t<h2 class=\"elementor-heading-title elementor-size-default\">Pourquoi choisir Drone Media Concept\u202f?<\/h2>\t\t\t\t<\/div>\n\t\t\t\t<\/div>\n\t\t\t\t<\/div>\n\t\t<div class=\"elementor-element elementor-element-f640fd5 e-con-full e-flex e-con e-child\" data-id=\"f640fd5\" data-element_type=\"container\" data-e-type=\"container\">\n\t\t\t\t<div class=\"elementor-element elementor-element-2c6f175 elementor-widget elementor-widget-text-editor\" data-id=\"2c6f175\" data-element_type=\"widget\" data-e-type=\"widget\" data-widget_type=\"text-editor.default\">\n\t\t\t\t<div class=\"elementor-widget-container\">\n\t\t\t\t\t\t\t\t\t<ul><li class=\"\" data-start=\"1593\" data-end=\"1697\"><p class=\"\" data-start=\"1595\" data-end=\"1697\"><strong data-start=\"1595\" data-end=\"1609\">Exp\u00e9rience<\/strong>\u202f: <span class=\"relative -mx-px my-[-0.2rem] rounded px-px py-[0.2rem] transition-colors duration-100 ease-in-out\">Plus de 8 ans d&rsquo;expertise dans le domaine.<\/span>\u200b<\/p><\/li><li class=\"\" data-start=\"1698\" data-end=\"1803\"><p class=\"\" data-start=\"1700\" data-end=\"1803\"><strong data-start=\"1700\" data-end=\"1715\">Technologie<\/strong>\u202f: <span class=\"relative -mx-px my-[-0.2rem] rounded px-px py-[0.2rem] transition-colors duration-100 ease-in-out\">Une flotte de drones adapt\u00e9e \u00e0 chaque mission<\/span><span class=\"\" data-state=\"closed\"><span class=\"ms-1 inline-flex max-w-full items-center relative top-[-0.094rem] animate-[show_150ms_ease-in]\"><span class=\"relative start-0 bottom-0 flex h-full w-full items-center\"><span class=\"flex h-4 w-full items-center justify-between overflow-hidden\"><span class=\"max-w-full grow truncate overflow-hidden text-center\">.<\/span><\/span><\/span><\/span><\/span><\/p><\/li><li class=\"\" data-start=\"1804\" data-end=\"1915\"><p class=\"\" data-start=\"1806\" data-end=\"1915\"><strong data-start=\"1806\" data-end=\"1827\">Professionnalisme<\/strong>\u202f: <span class=\"relative -mx-px my-[-0.2rem] rounded px-px py-[0.2rem] transition-colors duration-100 ease-in-out\">Interventions conformes aux r\u00e9glementations en vigueur.<\/span><\/p><\/li><\/ul>\t\t\t\t\t\t\t\t<\/div>\n\t\t\t\t<\/div>\n\t\t\t\t<\/div>\n\t\t\t\t<\/div>\n\t\t<div class=\"elementor-element elementor-element-c079234 e-con-full e-flex e-con e-child\" data-id=\"c079234\" data-element_type=\"container\" data-e-type=\"container\">\n\t\t\t\t<div class=\"elementor-element elementor-element-8e8b4a9 elementor-align-center elementor-widget elementor-widget-button\" data-id=\"8e8b4a9\" data-element_type=\"widget\" data-e-type=\"widget\" data-widget_type=\"button.default\">\n\t\t\t\t<div class=\"elementor-widget-container\">\n\t\t\t\t\t\t\t\t\t<div class=\"elementor-button-wrapper\">\n\t\t\t\t\t<a class=\"elementor-button elementor-button-link elementor-size-sm elementor-animation-shrink\" href=\"https:\/\/drone-media-concept.com\/?page_id=116\u2197\">\n\t\t\t\t\t\t<span class=\"elementor-button-content-wrapper\">\n\t\t\t\t\t\t\t\t\t<span class=\"elementor-button-text\">Nous contacter<\/span>\n\t\t\t\t\t<\/span>\n\t\t\t\t\t<\/a>\n\t\t\t\t<\/div>\n\t\t\t\t\t\t\t\t<\/div>\n\t\t\t\t<\/div>\n\t\t\t\t<\/div>\n\t\t\t\t<\/div>\n\t\t\t\t<\/div>\n\t\t","protected":false},"excerpt":{"rendered":"<p>Nos services Des solutions a\u00e9riennes sur mesure pour chaque besoin Vid\u00e9os et photos d&rsquo;entreprises &#8211; Corporate &#8211; Particuliers Nous r\u00e9alisons des contenus visuels de haute qualit\u00e9 pour valoriser l&rsquo;image de votre entreprise, immortaliser vos \u00e9v\u00e9nements ou sublimer vos propri\u00e9t\u00e9s. \u00a0 Inspections techniques &#8211; Suivis de chantiers &#8211; Photogramm\u00e9trie &#8211; Lidar Gr\u00e2ce \u00e0 des technologies avanc\u00e9es [&hellip;]<\/p>\n","protected":false},"author":1,"featured_media":0,"parent":0,"menu_order":0,"comment_status":"closed","ping_status":"closed","template":"elementor_header_footer","meta":{"footnotes":""},"class_list":["post-211","page","type-page","status-publish","hentry"],"yoast_head":"<!-- This site is optimized with the Yoast SEO plugin v27.5 - https:\/\/yoast.com\/product\/yoast-seo-wordpress\/ -->\n<title>Nos services - Drone Media Concept<\/title>\n<meta name=\"robots\" content=\"index, follow, max-snippet:-1, max-image-preview:large, max-video-preview:-1\" \/>\n<link rel=\"canonical\" href=\"https:\/\/drone-media-concept.com\/?page_id=211\" \/>\n<meta property=\"og:locale\" content=\"fr_FR\" \/>\n<meta property=\"og:type\" content=\"article\" \/>\n<meta property=\"og:title\" content=\"Nos services - Drone Media Concept\" \/>\n<meta property=\"og:description\" content=\"Nos services Des solutions a\u00e9riennes sur mesure pour chaque besoin Vid\u00e9os et photos d&rsquo;entreprises &#8211; Corporate &#8211; Particuliers Nous r\u00e9alisons des contenus visuels de haute qualit\u00e9 pour valoriser l&rsquo;image de votre entreprise, immortaliser vos \u00e9v\u00e9nements ou sublimer vos propri\u00e9t\u00e9s. \u00a0 Inspections techniques &#8211; Suivis de chantiers &#8211; Photogramm\u00e9trie &#8211; Lidar Gr\u00e2ce \u00e0 des technologies avanc\u00e9es [&hellip;]\" \/>\n<meta property=\"og:url\" content=\"https:\/\/drone-media-concept.com\/?page_id=211\" \/>\n<meta property=\"og:site_name\" content=\"Drone Media Concept\" \/>\n<meta property=\"article:modified_time\" content=\"2025-04-20T05:52:42+00:00\" \/>\n<meta property=\"og:image\" content=\"https:\/\/drone-media-concept.com\/wp-content\/uploads\/2025\/04\/insta-pro-finie-7-36.jpg\" \/>\n\t<meta property=\"og:image:width\" content=\"1838\" \/>\n\t<meta property=\"og:image:height\" content=\"1080\" \/>\n\t<meta property=\"og:image:type\" content=\"image\/jpeg\" \/>\n<meta name=\"twitter:card\" content=\"summary_large_image\" \/>\n<meta name=\"twitter:label1\" content=\"Dur\u00e9e de lecture estim\u00e9e\" \/>\n\t<meta name=\"twitter:data1\" content=\"2 minutes\" \/>\n<script type=\"application\/ld+json\" class=\"yoast-schema-graph\">{\"@context\":\"https:\\\/\\\/schema.org\",\"@graph\":[{\"@type\":\"WebPage\",\"@id\":\"https:\\\/\\\/drone-media-concept.com\\\/?page_id=211\",\"url\":\"https:\\\/\\\/drone-media-concept.com\\\/?page_id=211\",\"name\":\"Nos services - Drone Media Concept\",\"isPartOf\":{\"@id\":\"https:\\\/\\\/drone-media-concept.com\\\/#website\"},\"primaryImageOfPage\":{\"@id\":\"https:\\\/\\\/drone-media-concept.com\\\/?page_id=211#primaryimage\"},\"image\":{\"@id\":\"https:\\\/\\\/drone-media-concept.com\\\/?page_id=211#primaryimage\"},\"thumbnailUrl\":\"https:\\\/\\\/drone-media-concept.com\\\/wp-content\\\/uploads\\\/2025\\\/04\\\/insta-pro-finie-7-36.jpg\",\"datePublished\":\"2025-04-12T07:08:27+00:00\",\"dateModified\":\"2025-04-20T05:52:42+00:00\",\"breadcrumb\":{\"@id\":\"https:\\\/\\\/drone-media-concept.com\\\/?page_id=211#breadcrumb\"},\"inLanguage\":\"fr-FR\",\"potentialAction\":[{\"@type\":\"ReadAction\",\"target\":[\"https:\\\/\\\/drone-media-concept.com\\\/?page_id=211\"]}]},{\"@type\":\"ImageObject\",\"inLanguage\":\"fr-FR\",\"@id\":\"https:\\\/\\\/drone-media-concept.com\\\/?page_id=211#primaryimage\",\"url\":\"https:\\\/\\\/drone-media-concept.com\\\/wp-content\\\/uploads\\\/2025\\\/04\\\/insta-pro-finie-7-36.jpg\",\"contentUrl\":\"https:\\\/\\\/drone-media-concept.com\\\/wp-content\\\/uploads\\\/2025\\\/04\\\/insta-pro-finie-7-36.jpg\",\"width\":1838,\"height\":1080},{\"@type\":\"BreadcrumbList\",\"@id\":\"https:\\\/\\\/drone-media-concept.com\\\/?page_id=211#breadcrumb\",\"itemListElement\":[{\"@type\":\"ListItem\",\"position\":1,\"name\":\"Accueil\",\"item\":\"https:\\\/\\\/drone-media-concept.com\\\/\"},{\"@type\":\"ListItem\",\"position\":2,\"name\":\"Nos services\"}]},{\"@type\":\"WebSite\",\"@id\":\"https:\\\/\\\/drone-media-concept.com\\\/#website\",\"url\":\"https:\\\/\\\/drone-media-concept.com\\\/\",\"name\":\"Drone Media Concept\",\"description\":\"\",\"potentialAction\":[{\"@type\":\"SearchAction\",\"target\":{\"@type\":\"EntryPoint\",\"urlTemplate\":\"https:\\\/\\\/drone-media-concept.com\\\/?s={search_term_string}\"},\"query-input\":{\"@type\":\"PropertyValueSpecification\",\"valueRequired\":true,\"valueName\":\"search_term_string\"}}],\"inLanguage\":\"fr-FR\"}]}<\/script>\n<!-- \/ Yoast SEO plugin. -->","yoast_head_json":{"title":"Nos services - Drone Media Concept","robots":{"index":"index","follow":"follow","max-snippet":"max-snippet:-1","max-image-preview":"max-image-preview:large","max-video-preview":"max-video-preview:-1"},"canonical":"https:\/\/drone-media-concept.com\/?page_id=211","og_locale":"fr_FR","og_type":"article","og_title":"Nos services - Drone Media Concept","og_description":"Nos services Des solutions a\u00e9riennes sur mesure pour chaque besoin Vid\u00e9os et photos d&rsquo;entreprises &#8211; Corporate &#8211; Particuliers Nous r\u00e9alisons des contenus visuels de haute qualit\u00e9 pour valoriser l&rsquo;image de votre entreprise, immortaliser vos \u00e9v\u00e9nements ou sublimer vos propri\u00e9t\u00e9s. \u00a0 Inspections techniques &#8211; Suivis de chantiers &#8211; Photogramm\u00e9trie &#8211; Lidar Gr\u00e2ce \u00e0 des technologies avanc\u00e9es [&hellip;]","og_url":"https:\/\/drone-media-concept.com\/?page_id=211","og_site_name":"Drone Media Concept","article_modified_time":"2025-04-20T05:52:42+00:00","og_image":[{"width":1838,"height":1080,"url":"https:\/\/drone-media-concept.com\/wp-content\/uploads\/2025\/04\/insta-pro-finie-7-36.jpg","type":"image\/jpeg"}],"twitter_card":"summary_large_image","twitter_misc":{"Dur\u00e9e de lecture estim\u00e9e":"2 minutes"},"schema":{"@context":"https:\/\/schema.org","@graph":[{"@type":"WebPage","@id":"https:\/\/drone-media-concept.com\/?page_id=211","url":"https:\/\/drone-media-concept.com\/?page_id=211","name":"Nos services - Drone Media Concept","isPartOf":{"@id":"https:\/\/drone-media-concept.com\/#website"},"primaryImageOfPage":{"@id":"https:\/\/drone-media-concept.com\/?page_id=211#primaryimage"},"image":{"@id":"https:\/\/drone-media-concept.com\/?page_id=211#primaryimage"},"thumbnailUrl":"https:\/\/drone-media-concept.com\/wp-content\/uploads\/2025\/04\/insta-pro-finie-7-36.jpg","datePublished":"2025-04-12T07:08:27+00:00","dateModified":"2025-04-20T05:52:42+00:00","breadcrumb":{"@id":"https:\/\/drone-media-concept.com\/?page_id=211#breadcrumb"},"inLanguage":"fr-FR","potentialAction":[{"@type":"ReadAction","target":["https:\/\/drone-media-concept.com\/?page_id=211"]}]},{"@type":"ImageObject","inLanguage":"fr-FR","@id":"https:\/\/drone-media-concept.com\/?page_id=211#primaryimage","url":"https:\/\/drone-media-concept.com\/wp-content\/uploads\/2025\/04\/insta-pro-finie-7-36.jpg","contentUrl":"https:\/\/drone-media-concept.com\/wp-content\/uploads\/2025\/04\/insta-pro-finie-7-36.jpg","width":1838,"height":1080},{"@type":"BreadcrumbList","@id":"https:\/\/drone-media-concept.com\/?page_id=211#breadcrumb","itemListElement":[{"@type":"ListItem","position":1,"name":"Accueil","item":"https:\/\/drone-media-concept.com\/"},{"@type":"ListItem","position":2,"name":"Nos services"}]},{"@type":"WebSite","@id":"https:\/\/drone-media-concept.com\/#website","url":"https:\/\/drone-media-concept.com\/","name":"Drone Media Concept","description":"","potentialAction":[{"@type":"SearchAction","target":{"@type":"EntryPoint","urlTemplate":"https:\/\/drone-media-concept.com\/?s={search_term_string}"},"query-input":{"@type":"PropertyValueSpecification","valueRequired":true,"valueName":"search_term_string"}}],"inLanguage":"fr-FR"}]}},"jetpack_sharing_enabled":true,"_links":{"self":[{"href":"https:\/\/drone-media-concept.com\/index.php?rest_route=\/wp\/v2\/pages\/211","targetHints":{"allow":["GET"]}}],"collection":[{"href":"https:\/\/drone-media-concept.com\/index.php?rest_route=\/wp\/v2\/pages"}],"about":[{"href":"https:\/\/drone-media-concept.com\/index.php?rest_route=\/wp\/v2\/types\/page"}],"author":[{"embeddable":true,"href":"https:\/\/drone-media-concept.com\/index.php?rest_route=\/wp\/v2\/users\/1"}],"replies":[{"embeddable":true,"href":"https:\/\/drone-media-concept.com\/index.php?rest_route=%2Fwp%2Fv2%2Fcomments&post=211"}],"version-history":[{"count":20,"href":"https:\/\/drone-media-concept.com\/index.php?rest_route=\/wp\/v2\/pages\/211\/revisions"}],"predecessor-version":[{"id":252,"href":"https:\/\/drone-media-concept.com\/index.php?rest_route=\/wp\/v2\/pages\/211\/revisions\/252"}],"wp:attachment":[{"href":"https:\/\/drone-media-concept.com\/index.php?rest_route=%2Fwp%2Fv2%2Fmedia&parent=211"}],"curies":[{"name":"wp","href":"https:\/\/api.w.org\/{rel}","templated":true}]}}